{"id":3122,"date":"2024-11-06T11:48:02","date_gmt":"2024-11-06T10:48:02","guid":{"rendered":"http:\/\/gc-education-benelux.com\/campus-gc\/"},"modified":"2025-03-31T16:58:22","modified_gmt":"2025-03-31T14:58:22","slug":"campus-gc","status":"publish","type":"page","link":"https:\/\/gc-education-benelux.com\/fr\/campus-gc\/","title":{"rendered":"Campus GC"},"content":{"rendered":"\t\t<div data-elementor-type=\"wp-page\" data-elementor-id=\"3122\" class=\"elementor elementor-3122 elementor-306\" data-elementor-post-type=\"page\">\n\t\t\t\t<div data-dce-background-image-url=\"https:\/\/gc-education-benelux.com\/wp-content\/uploads\/2025\/01\/IMGL2752.jpg\" class=\"elementor-element elementor-element-8fa29c8 e-flex e-con-boxed e-con e-child\" data-id=\"8fa29c8\" data-element_type=\"container\" data-e-type=\"container\" data-settings=\"{&quot;background_background&quot;:&quot;classic&quot;}\">\n\t\t\t\t\t<div class=\"e-con-inner\">\n\t\t\t\t\t<\/div>\n\t\t\t\t<\/div>\n\t\t<div class=\"elementor-element elementor-element-ae8c513 e-flex e-con-boxed e-con e-child\" data-id=\"ae8c513\" data-element_type=\"container\" data-e-type=\"container\" data-settings=\"{&quot;background_background&quot;:&quot;classic&quot;}\">\n\t\t\t\t\t<div class=\"e-con-inner\">\n\t\t<div data-dce-background-color=\"#158B70\" data-dce-background-overlay-color=\"#158B70\" class=\"elementor-element elementor-element-957650a e-flex e-con-boxed e-con e-child\" data-id=\"957650a\" data-element_type=\"container\" data-e-type=\"container\" data-settings=\"{&quot;background_background&quot;:&quot;classic&quot;}\">\n\t\t\t\t\t<div class=\"e-con-inner\">\n\t\t<div data-dce-background-image-url=\"https:\/\/gc-education-benelux.com\/wp-content\/uploads\/2025\/01\/GC-050.jpg\" class=\"elementor-element elementor-element-79678464 e-con-full e-flex e-con e-child\" data-id=\"79678464\" data-element_type=\"container\" data-e-type=\"container\" data-settings=\"{&quot;background_background&quot;:&quot;classic&quot;}\">\n\t\t\t\t<div class=\"elementor-element elementor-element-2915bb3d elementor-widget elementor-widget-elementskit-video\" data-id=\"2915bb3d\" data-element_type=\"widget\" data-e-type=\"widget\" data-widget_type=\"elementskit-video.default\">\n\t\t\t\t<div class=\"elementor-widget-container\">\n\t\t\t\t\t<div class=\"ekit-wid-con\" >\t\t<div class=\"video-content\" data-video-player=\"[]\" data-video-setting=\"{&quot;videoVolume&quot;:&quot;horizontal&quot;,&quot;startVolume&quot;:0.8,&quot;videoType&quot;:&quot;iframe&quot;,&quot;videoClass&quot;:&quot;mfp-fade&quot;,&quot;videoStyle&quot;:&quot;popup&quot;,&quot;videoTypeName&quot;:&quot;youtube&quot;,&quot;autoplay&quot;:false,&quot;muted&quot;:false,&quot;loop&quot;:false}\">\n\t\t\t\n<a class=\"ekit_icon_button glow-ripple ekit-video-popup ekit-video-popup-btn\" href=\"https:\/\/www.youtube.com\/embed\/2hbxloLrTok?feature=oembed?playlist=2hbxloLrTok&amp;mute=0&amp;autoplay=0&amp;loop=no&amp;controls=0&amp;start=0&amp;end=\" aria-label=\"video-popup\" target=\"_blank\" rel=\"noopener noreferrer nofollow\">\n\t\t\t\t<i aria-hidden=\"true\" class=\"icon icon-play\"><\/i>\t\t\n\t\t\t<\/a>\n\t\t\t\t\t\t\t<div class=\"ekit-hidden-icons\" hidden aria-hidden=\"true\">\n\t\t\t\t\t<i class=\"ekit-popup-close-icon icon icon-cancel\"><\/i>\t\t\t\t<\/div>\n\t\t<\/div>\n\t\t<\/div>\t\t\t\t<\/div>\n\t\t\t\t<\/div>\n\t\t\t\t<\/div>\n\t\t<div class=\"elementor-element elementor-element-8f4c5b6 e-con-full e-flex e-con e-child\" data-id=\"8f4c5b6\" data-element_type=\"container\" data-e-type=\"container\" data-settings=\"{&quot;background_background&quot;:&quot;classic&quot;}\">\n\t\t\t\t<div class=\"elementor-element elementor-element-5b12048 elementor-invisible elementor-widget elementor-widget-heading\" data-id=\"5b12048\" data-element_type=\"widget\" data-e-type=\"widget\" data-settings=\"{&quot;_animation&quot;:&quot;fadeIn&quot;}\" data-widget_type=\"heading.default\">\n\t\t\t\t\t<div class=\"elementor-heading-title elementor-size-default\">Campus GC Europe<\/div>\t\t\t\t<\/div>\n\t\t\t\t<div class=\"elementor-element elementor-element-8020c4a elementor-invisible elementor-widget elementor-widget-heading\" data-id=\"8020c4a\" data-element_type=\"widget\" data-e-type=\"widget\" data-settings=\"{&quot;_animation&quot;:&quot;fadeIn&quot;,&quot;_animation_delay&quot;:150}\" data-widget_type=\"heading.default\">\n\t\t\t\t\t<h1 class=\"elementor-heading-title elementor-size-default\">Un joyau de grande qualit\u00e9<\/h1>\t\t\t\t<\/div>\n\t\t\t\t<div class=\"elementor-element elementor-element-a433e2f elementor-invisible elementor-widget elementor-widget-text-editor\" data-id=\"a433e2f\" data-element_type=\"widget\" data-e-type=\"widget\" data-settings=\"{&quot;_animation&quot;:&quot;fadeIn&quot;,&quot;_animation_delay&quot;:300}\" data-widget_type=\"text-editor.default\">\n\t\t\t\t\t\t\t\t\t<p>Notre Campus GC de Louvain, \u00e0 la pointe de la technologie, rassemble un r\u00e9seau mondial de dentistes. Ce centre moderne a ouvert ses portes en 2008 et est le plus grand centre de formation de GC en Europe.<\/p>\n<p>Chaque ann\u00e9e, nous accueillons plus de 2 000 participants du monde entier : proth\u00e9sistes dentaires, dentistes, hygi\u00e9nistes buccaux, \u00e9tudiants, repr\u00e9sentants, clubs d&rsquo;\u00e9tudes et universit\u00e9s.<\/p>\n\t\t\t\t\t\t\t\t<\/div>\n\t\t\t\t<\/div>\n\t\t\t\t\t<\/div>\n\t\t\t\t<\/div>\n\t\t\t\t\t<\/div>\n\t\t\t\t<\/div>\n\t\t<div data-dce-background-image-url=\"https:\/\/gc-education-benelux.com\/wp-content\/uploads\/2025\/01\/IMGL2573.jpg\" class=\"elementor-element elementor-element-7e468b4d e-flex e-con-boxed e-con e-parent\" data-id=\"7e468b4d\" data-element_type=\"container\" data-e-type=\"container\" data-settings=\"{&quot;background_background&quot;:&quot;classic&quot;}\">\n\t\t\t\t\t<div class=\"e-con-inner\">\n\t\t<div class=\"elementor-element elementor-element-55d44f3a e-flex e-con-boxed e-con e-child\" data-id=\"55d44f3a\" data-element_type=\"container\" data-e-type=\"container\">\n\t\t\t\t\t<div class=\"e-con-inner\">\n\t\t<div class=\"elementor-element elementor-element-5a1337f8 e-con-full e-flex e-con e-child\" data-id=\"5a1337f8\" data-element_type=\"container\" data-e-type=\"container\" data-settings=\"{&quot;background_background&quot;:&quot;classic&quot;}\">\n\t\t\t\t<div class=\"elementor-element elementor-element-42647856 elementor-widget elementor-widget-heading\" data-id=\"42647856\" data-element_type=\"widget\" data-e-type=\"widget\" data-widget_type=\"heading.default\">\n\t\t\t\t\t<div class=\"elementor-heading-title elementor-size-default\">Formation<\/div>\t\t\t\t<\/div>\n\t\t\t\t<div class=\"elementor-element elementor-element-72a85500 elementor-widget elementor-widget-heading\" data-id=\"72a85500\" data-element_type=\"widget\" data-e-type=\"widget\" data-widget_type=\"heading.default\">\n\t\t\t\t\t<h1 class=\"elementor-heading-title elementor-size-default\">La croissance professionnelle commence ici<\/h1>\t\t\t\t<\/div>\n\t\t\t\t<div class=\"elementor-element elementor-element-1870ada4 elementor-widget elementor-widget-text-editor\" data-id=\"1870ada4\" data-element_type=\"widget\" data-e-type=\"widget\" data-widget_type=\"text-editor.default\">\n\t\t\t\t\t\t\t\t\t<p>Nos formations sont principalement ax\u00e9es sur les produits et techniques les plus r\u00e9cents de la dentisterie moderne. Toutes nos formations sont dispens\u00e9es par une \u00e9quipe sp\u00e9cialis\u00e9e de formateurs et d&rsquo;orateurs invit\u00e9s, qui transmettent les comp\u00e9tences n\u00e9cessaires avec passion et expertise, compl\u00e9t\u00e9es par des conseils et astuces pratiques que les participants peuvent imm\u00e9diatement mettre en \u0153uvre.<\/p>\n<p>GC s&rsquo;efforce d&rsquo;offrir des cours de la plus haute qualit\u00e9 dans un environnement confortable afin de cr\u00e9er une exp\u00e9rience d&rsquo;apprentissage positive et pr\u00e9cieuse.<\/p>\n\t\t\t\t\t\t\t\t<\/div>\n\t\t\t\t<div class=\"elementor-element elementor-element-3ec9161c elementor-mobile-align-center elementor-widget elementor-widget-button\" data-id=\"3ec9161c\" data-element_type=\"widget\" data-e-type=\"widget\" data-widget_type=\"button.default\">\n\t\t\t\t\t\t\t\t\t\t<a class=\"elementor-button elementor-button-link elementor-size-sm\" href=\"\/opleidingen\/\">\n\t\t\t\t\t\t<span class=\"elementor-button-content-wrapper\">\n\t\t\t\t\t\t\t\t\t<span class=\"elementor-button-text\">Consultez nos cours de formation<\/span>\n\t\t\t\t\t<\/span>\n\t\t\t\t\t<\/a>\n\t\t\t\t\t\t\t\t<\/div>\n\t\t\t\t<\/div>\n\t\t\t\t\t<\/div>\n\t\t\t\t<\/div>\n\t\t\t\t\t<\/div>\n\t\t\t\t<\/div>\n\t\t<div class=\"elementor-element elementor-element-65406a0d e-flex e-con-boxed e-con e-parent\" data-id=\"65406a0d\" data-element_type=\"container\" data-e-type=\"container\" data-settings=\"{&quot;background_background&quot;:&quot;classic&quot;}\">\n\t\t\t\t\t<div class=\"e-con-inner\">\n\t\t<div class=\"elementor-element elementor-element-74aa537f e-flex e-con-boxed e-con e-child\" data-id=\"74aa537f\" data-element_type=\"container\" data-e-type=\"container\">\n\t\t\t\t\t<div class=\"e-con-inner\">\n\t\t<div class=\"elementor-element elementor-element-643f8da8 e-con-full e-flex e-con e-child\" data-id=\"643f8da8\" data-element_type=\"container\" data-e-type=\"container\" data-settings=\"{&quot;background_background&quot;:&quot;classic&quot;}\">\n\t\t\t\t<div class=\"elementor-element elementor-element-15dd791a elementor-widget elementor-widget-heading\" data-id=\"15dd791a\" data-element_type=\"widget\" data-e-type=\"widget\" data-widget_type=\"heading.default\">\n\t\t\t\t\t<div class=\"elementor-heading-title elementor-size-default\">Localisation<\/div>\t\t\t\t<\/div>\n\t\t\t\t<div class=\"elementor-element elementor-element-3c55c1f8 elementor-widget elementor-widget-heading\" data-id=\"3c55c1f8\" data-element_type=\"widget\" data-e-type=\"widget\" data-widget_type=\"heading.default\">\n\t\t\t\t\t<h2 class=\"elementor-heading-title elementor-size-default\">Visitez-nous<\/h2>\t\t\t\t<\/div>\n\t\t\t\t<div class=\"elementor-element elementor-element-f7e5b93 elementor-widget elementor-widget-text-editor\" data-id=\"f7e5b93\" data-element_type=\"widget\" data-e-type=\"widget\" data-widget_type=\"text-editor.default\">\n\t\t\t\t\t\t\t\t\t<p>Notre campus est situ\u00e9 sur le parc de recherche de <strong>Haasrode, <\/strong>\u00e0 deux pas de <strong>Louvain <\/strong>. Une ville magnifique et dynamique qui vaut vraiment la peine d&rsquo;\u00eatre visit\u00e9e lorsque vous suivez un cours \u00e0 GC.<\/p>\n<p>Nous proposons toujours un h\u00e9bergement optionnel \u00e0 des prix tr\u00e8s comp\u00e9titifs. Vous vous demandez ce que vous pouvez faire \u00e0 Louvain ?  <br \/><a href=\"https:\/\/www.visitleuven.be\/\" target=\"_blank\" rel=\"noopener noreferrer nofollow\"><strong>Voir ici : https:\/\/www.visitleuven.be\/<\/strong><\/a><\/p>\n\t\t\t\t\t\t\t\t<\/div>\n\t\t\t\t<\/div>\n\t\t<div data-dce-background-image-url=\"https:\/\/gc-education-benelux.com\/wp-content\/uploads\/2025\/01\/IMGL2784.jpg\" class=\"elementor-element elementor-element-306456c0 e-con-full e-flex e-con e-child\" data-id=\"306456c0\" data-element_type=\"container\" data-e-type=\"container\" data-settings=\"{&quot;background_background&quot;:&quot;classic&quot;}\">\n\t\t\t\t<\/div>\n\t\t\t\t\t<\/div>\n\t\t\t\t<\/div>\n\t\t\t\t\t<\/div>\n\t\t\t\t<\/div>\n\t\t<div class=\"elementor-element elementor-element-8cee84 e-flex e-con-boxed e-con e-parent\" data-id=\"8cee84\" data-element_type=\"container\" data-e-type=\"container\">\n\t\t\t\t\t<div class=\"e-con-inner\">\n\t\t<div class=\"elementor-element elementor-element-be64ce4 e-flex e-con-boxed e-con e-child\" data-id=\"be64ce4\" data-element_type=\"container\" data-e-type=\"container\">\n\t\t\t\t\t<div class=\"e-con-inner\">\n\t\t<div data-dce-background-image-url=\"https:\/\/gc-education-benelux.com\/wp-content\/uploads\/2025\/01\/IMGL2616.jpg\" class=\"elementor-element elementor-element-1bd10452 e-flex e-con-boxed e-con e-child\" data-id=\"1bd10452\" data-element_type=\"container\" data-e-type=\"container\" data-settings=\"{&quot;background_background&quot;:&quot;classic&quot;}\">\n\t\t\t\t\t<div class=\"e-con-inner\">\n\t\t\t\t<div class=\"elementor-element elementor-element-f7c996e elementor-widget elementor-widget-elementskit-video\" data-id=\"f7c996e\" data-element_type=\"widget\" data-e-type=\"widget\" data-widget_type=\"elementskit-video.default\">\n\t\t\t\t<div class=\"elementor-widget-container\">\n\t\t\t\t\t<div class=\"ekit-wid-con\" >\t\t<div class=\"video-content\" data-video-player=\"[]\" data-video-setting=\"{&quot;videoVolume&quot;:&quot;horizontal&quot;,&quot;startVolume&quot;:0.8,&quot;videoType&quot;:&quot;iframe&quot;,&quot;videoClass&quot;:&quot;mfp-fade&quot;,&quot;videoStyle&quot;:&quot;popup&quot;,&quot;videoTypeName&quot;:&quot;youtube&quot;,&quot;autoplay&quot;:false,&quot;muted&quot;:false,&quot;loop&quot;:false}\">\n\t\t\t\n<a class=\"ekit_icon_button glow-ripple ekit-video-popup ekit-video-popup-btn\" href=\"https:\/\/www.youtube.com\/embed\/6YJauh2HKuE?feature=oembed?playlist=6YJauh2HKuE&amp;mute=0&amp;autoplay=0&amp;loop=no&amp;controls=0&amp;start=0&amp;end=\" aria-label=\"video-popup\" target=\"_blank\" rel=\"noopener noreferrer nofollow\">\n\t\t\t\t<i aria-hidden=\"true\" class=\"icon icon-play\"><\/i>\t\t\n\t\t\t<\/a>\n\t\t\t\t\t\t\t<div class=\"ekit-hidden-icons\" hidden aria-hidden=\"true\">\n\t\t\t\t\t<i class=\"ekit-popup-close-icon icon icon-cancel\"><\/i>\t\t\t\t<\/div>\n\t\t<\/div>\n\t\t<\/div>\t\t\t\t<\/div>\n\t\t\t\t<\/div>\n\t\t\t\t\t<\/div>\n\t\t\t\t<\/div>\n\t\t\t\t\t<\/div>\n\t\t\t\t<\/div>\n\t\t\t\t\t<\/div>\n\t\t\t\t<\/div>\n\t\t\t\t<\/div>\n\t\t","protected":false},"excerpt":{"rendered":"<p>Campus GC Europe Un joyau de grande qualit\u00e9 Notre Campus GC de Louvain, \u00e0 la pointe de la technologie, rassemble un r\u00e9seau mondial de dentistes. Ce centre moderne a ouvert ses portes en 2008 et est le plus grand centre de formation de GC en Europe. Chaque ann\u00e9e, nous accueillons plus de 2 000 participants [&hellip;]<\/p>\n","protected":false},"author":1,"featured_media":0,"parent":0,"menu_order":0,"comment_status":"closed","ping_status":"closed","template":"","meta":{"_acf_changed":false,"footnotes":""},"class_list":["post-3122","page","type-page","status-publish","hentry"],"acf":[],"_links":{"self":[{"href":"https:\/\/gc-education-benelux.com\/fr\/wp-json\/wp\/v2\/pages\/3122","targetHints":{"allow":["GET"]}}],"collection":[{"href":"https:\/\/gc-education-benelux.com\/fr\/wp-json\/wp\/v2\/pages"}],"about":[{"href":"https:\/\/gc-education-benelux.com\/fr\/wp-json\/wp\/v2\/types\/page"}],"author":[{"embeddable":true,"href":"https:\/\/gc-education-benelux.com\/fr\/wp-json\/wp\/v2\/users\/1"}],"replies":[{"embeddable":true,"href":"https:\/\/gc-education-benelux.com\/fr\/wp-json\/wp\/v2\/comments?post=3122"}],"version-history":[{"count":0,"href":"https:\/\/gc-education-benelux.com\/fr\/wp-json\/wp\/v2\/pages\/3122\/revisions"}],"wp:attachment":[{"href":"https:\/\/gc-education-benelux.com\/fr\/wp-json\/wp\/v2\/media?parent=3122"}],"curies":[{"name":"wp","href":"https:\/\/api.w.org\/{rel}","templated":true}]}}